{"id":2968,"date":"2025-02-19T14:10:39","date_gmt":"2025-02-19T14:10:39","guid":{"rendered":"https:\/\/dewis.tropichq.co.uk\/cwcis\/"},"modified":"2025-04-15T13:07:53","modified_gmt":"2025-04-15T13:07:53","slug":"cwcis","status":"publish","type":"page","link":"https:\/\/www.dewis.uk.com\/cy\/cwcis\/","title":{"rendered":"Cwcis"},"content":{"rendered":"\t\t<div data-elementor-type=\"wp-page\" data-elementor-id=\"2968\" class=\"elementor elementor-2968 elementor-1853\" data-elementor-post-type=\"page\">\n\t\t\t\t<div class=\"elementor-element elementor-element-73aee2c2 e-con-full e-flex e-con e-parent\" data-id=\"73aee2c2\" data-element_type=\"container\" data-e-type=\"container\" data-settings=\"{&quot;background_background&quot;:&quot;classic&quot;,&quot;jet_parallax_layout_list&quot;:[]}\">\n\t\t<div class=\"elementor-element elementor-element-6259813a e-con-full site-width site-padding-sides e-flex e-con e-child\" data-id=\"6259813a\" data-element_type=\"container\" data-e-type=\"container\" data-settings=\"{&quot;jet_parallax_layout_list&quot;:[]}\">\n\t\t\t\t<div class=\"elementor-element elementor-element-3b97e3c6 elementor-widget elementor-widget-heading\" data-id=\"3b97e3c6\" data-element_type=\"widget\" data-e-type=\"widget\" data-settings=\"{&quot;_animation_laptop&quot;:&quot;fadeIn&quot;}\" data-widget_type=\"heading.default\">\n\t\t\t\t<div class=\"elementor-widget-container\">\n\t\t\t\t\t<h1 class=\"elementor-heading-title elementor-size-default\">Polisi Cwcis<\/h1>\t\t\t\t<\/div>\n\t\t\t\t<\/div>\n\t\t\t\t<\/div>\n\t\t\t\t<\/div>\n\t\t<div class=\"elementor-element elementor-element-da085a0 e-con-full e-flex e-con e-parent\" data-id=\"da085a0\" data-element_type=\"container\" data-e-type=\"container\" data-settings=\"{&quot;background_background&quot;:&quot;classic&quot;,&quot;jet_parallax_layout_list&quot;:[]}\">\n\t\t<div class=\"elementor-element elementor-element-4b49b7b e-con-full site-width site-padding-sides site-padding-bottom site-padding-vertical e-flex e-con e-child\" data-id=\"4b49b7b\" data-element_type=\"container\" data-e-type=\"container\" data-settings=\"{&quot;jet_parallax_layout_list&quot;:[]}\">\n\t\t\t\t<div class=\"elementor-element elementor-element-7f4cfe5 policy-container elementor-widget elementor-widget-html\" data-id=\"7f4cfe5\" data-element_type=\"widget\" data-e-type=\"widget\" data-widget_type=\"html.default\">\n\t\t\t\t<div class=\"elementor-widget-container\">\n\t\t\t\t\t\n<p>\n Dyddiad Effeithiol: 06-Mar-2025 <br>Diweddarwyd: 06-Mar-2025\n<\/p>\n\n&nbsp;\n<h2>Beth ydi cwcis?<\/h2>\n<div class=\"cookie-policy-p\"><p>Mae'r Polisi Cwcis hwn yn egluro beth ydi cwcis ac sut yr ydym yn eu defnyddio, y math o gwcis yna ni'n ddefnyddio e.e, y wybodaeth yr ydym yn ei gasglu gan ddefnyddio cwcis ac sut y mae'r wybodaeth hwnnw yn cael ei ddefnyddio, a sut i reoli gosodiadau'r cwcis.<\/p> <p>Mae cwcis yn ffeiliau testun bach sy'n cael eu defnyddio i storio darnau bychan o wybodaeth. Maent yn cael eu storio ar eich dyfais pan fydd y wefan yn cael ei llwytho ar eich porwr. Mae'r cwcis hyn yn ein helpu i wneud i'r wefan weithredu'n gywir, ei gwneud yn fwy diogel, darparu gwell profiad i'r defnyddiwr, a deall sut mae'r wefan yn perfformio ac i ddadansoddi beth sy'n gweithio a lle mae angen ei gwella.<\/p><\/div>\n\n&nbsp;\n<h2>Sut yr ydym yn defnyddio cwcis?<\/h2>\n<div class=\"cookie-policy-p\"><p>Fel y rhan fwyaf o'r gwasanaethau ar-lein, mae ein gwefan yn defnyddio cwcis parti cyntaf a thrydydd parti at sawl diben. Mae cwcis parti cyntaf yn angenrheidiol yn bennaf er mwyn i'r wefan weithredu'r ffordd iawn, ac nid ydynt yn casglu dim o'ch data adnabyddadwy yn bersonol.<\/p> <p>Mae'r cwcis trydydd parti a ddefnyddir ar ein gwefan yn bennaf ar gyfer deall sut mae'r wefan yn perfformio, sut rydych chi'n rhyngweithio \u00e2'n gwefan, cadw ein gwasanaethau yn ddiogel, darparu hysbysebion sy'n berthnasol i chi, ac ar y cyfan yn darparu profiad defnyddiwr gwell i chi a helpu i gyflymu eich rhyngweithiadau \u00e2'n gwefan yn y dyfodol.<\/p><\/div>\n\n&nbsp;\n    <h2>Math o gwcis a ddefnyddir gennym<\/h2>\n\n    <div class=\"cky-audit-table-element\"><\/div>\n\n&nbsp;\n    <h2 style=\"margin-bottom:20px;\">Rheoli hoffterau cwcis<\/h2>\n\n    <a class=\"cky-banner-element\">Gosodiadau Cwcis<\/a> <br>\n    <div><p>Gallwch newid eich dewisiadau cwci unrhyw bryd trwy glicio ar y botwm uchod. Bydd hyn yn caniat\u00e1u i chi ailymweld \u00e2'r faner caniat\u00e2d cwci a newid eich dewisiadau neu dynnu'ch caniat\u00e2d yn \u00f4l ar unwaith. <\/p> <p>Yn ogystal \u00e2 hyn, mae gwahanol borwyr yn darparu gwahanol ddulliau i rwystro a dileu cwcis a ddefnyddir gan wefannau. Gallwch newid gosodiadau eich porwr i rwystro\/dileu'r cwcis. Rhestrir isod y dolenni i'r dogfennau cymorth ar sut i reoli a dileu cwcis o'r prif borwyr gwe.<\/p> <p>Chrome: <a target=\"_blank\" href=\"https:\/\/support.google.com\/accounts\/answer\/32050\">https:\/\/support.google.com\/accounts\/answer\/32050<\/a><\/p><p>Safari: <a target=\"_blank\" href=\"https:\/\/support.apple.com\/en-in\/guide\/safari\/sfri11471\/mac\">https:\/\/support.apple.com\/en-in\/guide\/safari\/sfri11471\/mac<\/a><\/p><p>Firefox: <a target=\"_blank\" href=\"https:\/\/support.mozilla.org\/en-US\/kb\/clear-cookies-and-site-data-firefox?redirectslug=delete-cookies-remove-info-websites-stored&amp;redirectlocale=en-US\">https:\/\/support.mozilla.org\/en-US\/kb\/clear-cookies-and-site-data-firefox?redirectslug=delete-cookies-remove-info-websites-stored&amp;redirectlocale=en-US<\/a><\/p><p>Internet Explorer: <a target=\"_blank\" href=\"https:\/\/support.microsoft.com\/en-us\/topic\/how-to-delete-cookie-files-in-internet-explorer-bca9446f-d873-78de-77ba-d42645fa52fc\">https:\/\/support.microsoft.com\/en-us\/topic\/how-to-delete-cookie-files-in-internet-explorer-bca9446f-d873-78de-77ba-d42645fa52fc<\/a><\/p><p>Os ydych chi'n defnyddio unrhyw borwr gwe arall, ewch i ddogfennau cymorth swyddogol eich porwr.<\/p><\/div>\n\n\n&nbsp;\n<p class=\"cookie-policy-p\">\n Polisi Cwcis wedi ei gynhyrchu gan <a target=\"_blank\" href=\"https:\/\/www.cookieyes.com\/?utm_source=CP&amp;utm_medium=footer&amp;utm_campaign=UW\">CookieYes - Cookie Policy Generator<\/a>.\n<\/p>\t\t\t\t<\/div>\n\t\t\t\t<\/div>\n\t\t\t\t<\/div>\n\t\t\t\t<\/div>\n\t\t\t\t<\/div>\n\t\t","protected":false},"excerpt":{"rendered":"<p>Polisi Cwcis Dyddiad Effeithiol: 06-Mar-2025 Diweddarwyd: 06-Mar-2025 &nbsp; Beth ydi cwcis? Mae&#8217;r Polisi Cwcis hwn yn egluro beth ydi cwcis ac sut yr ydym yn eu defnyddio, y math o gwcis yna ni&#8217;n ddefnyddio e.e, y wybodaeth yr ydym yn ei gasglu gan ddefnyddio cwcis ac sut y mae&#8217;r wybodaeth hwnnw yn cael ei ddefnyddio, [&hellip;]<\/p>\n","protected":false},"author":1,"featured_media":2149,"parent":0,"menu_order":0,"comment_status":"closed","ping_status":"closed","template":"","meta":{"footnotes":""},"class_list":["post-2968","page","type-page","status-publish","has-post-thumbnail","hentry"],"yoast_head":"<!-- This site is optimized with the Yoast SEO plugin v27.2 - https:\/\/yoast.com\/product\/yoast-seo-wordpress\/ -->\n<title>Polisi Cwcis<\/title>\n<meta name=\"description\" content=\"Darllenwch am beth yw cwcis, sut yr ydym ni&#039;n eu defnyddio i wella eich profiad, y mathau o gwcis rydym yn eu defnyddio, a sut i reoli eich dewisiadau.\" \/>\n<meta name=\"robots\" content=\"index, follow, max-snippet:-1, max-image-preview:large, max-video-preview:-1\" \/>\n<link rel=\"canonical\" href=\"https:\/\/www.dewis.uk.com\/cy\/cwcis\/\" \/>\n<meta property=\"og:locale\" content=\"cy_GB\" \/>\n<meta property=\"og:type\" content=\"article\" \/>\n<meta property=\"og:title\" content=\"Polisi Cwcis\" \/>\n<meta property=\"og:description\" content=\"Darllenwch am beth yw cwcis, sut yr ydym ni&#039;n eu defnyddio i wella eich profiad, y mathau o gwcis rydym yn eu defnyddio, a sut i reoli eich dewisiadau.\" \/>\n<meta property=\"og:url\" content=\"https:\/\/www.dewis.uk.com\/cy\/cwcis\/\" \/>\n<meta property=\"og:site_name\" content=\"Dewis Architecture\" \/>\n<meta property=\"article:modified_time\" content=\"2025-04-15T13:07:53+00:00\" \/>\n<meta property=\"og:image\" content=\"https:\/\/www.dewis.uk.com\/wp-content\/uploads\/2025\/02\/dewis-cafe-2.jpg\" \/>\n\t<meta property=\"og:image:width\" content=\"1024\" \/>\n\t<meta property=\"og:image:height\" content=\"683\" \/>\n\t<meta property=\"og:image:type\" content=\"image\/jpeg\" \/>\n<meta name=\"twitter:card\" content=\"summary_large_image\" \/>\n<meta name=\"twitter:label1\" content=\"Est. reading time\" \/>\n\t<meta name=\"twitter:data1\" content=\"2 minutes\" \/>\n<script type=\"application\/ld+json\" class=\"yoast-schema-graph\">{\"@context\":\"https:\/\/schema.org\",\"@graph\":[{\"@type\":\"WebPage\",\"@id\":\"https:\/\/www.dewis.uk.com\/cy\/cwcis\/\",\"url\":\"https:\/\/www.dewis.uk.com\/cy\/cwcis\/\",\"name\":\"Polisi Cwcis\",\"isPartOf\":{\"@id\":\"https:\/\/www.dewis.uk.com\/cy\/#website\"},\"primaryImageOfPage\":{\"@id\":\"https:\/\/www.dewis.uk.com\/cy\/cwcis\/#primaryimage\"},\"image\":{\"@id\":\"https:\/\/www.dewis.uk.com\/cy\/cwcis\/#primaryimage\"},\"thumbnailUrl\":\"https:\/\/www.dewis.uk.com\/wp-content\/uploads\/2025\/02\/dewis-cafe-2.jpg\",\"datePublished\":\"2025-02-19T14:10:39+00:00\",\"dateModified\":\"2025-04-15T13:07:53+00:00\",\"description\":\"Darllenwch am beth yw cwcis, sut yr ydym ni'n eu defnyddio i wella eich profiad, y mathau o gwcis rydym yn eu defnyddio, a sut i reoli eich dewisiadau.\",\"breadcrumb\":{\"@id\":\"https:\/\/www.dewis.uk.com\/cy\/cwcis\/#breadcrumb\"},\"inLanguage\":\"cy-GB\",\"potentialAction\":[{\"@type\":\"ReadAction\",\"target\":[\"https:\/\/www.dewis.uk.com\/cy\/cwcis\/\"]}]},{\"@type\":\"ImageObject\",\"inLanguage\":\"cy-GB\",\"@id\":\"https:\/\/www.dewis.uk.com\/cy\/cwcis\/#primaryimage\",\"url\":\"https:\/\/www.dewis.uk.com\/wp-content\/uploads\/2025\/02\/dewis-cafe-2.jpg\",\"contentUrl\":\"https:\/\/www.dewis.uk.com\/wp-content\/uploads\/2025\/02\/dewis-cafe-2.jpg\",\"width\":1024,\"height\":683},{\"@type\":\"BreadcrumbList\",\"@id\":\"https:\/\/www.dewis.uk.com\/cy\/cwcis\/#breadcrumb\",\"itemListElement\":[{\"@type\":\"ListItem\",\"position\":1,\"name\":\"Home\",\"item\":\"https:\/\/www.dewis.uk.com\/cy\/adra\/\"},{\"@type\":\"ListItem\",\"position\":2,\"name\":\"Cwcis\"}]},{\"@type\":\"WebSite\",\"@id\":\"https:\/\/www.dewis.uk.com\/cy\/#website\",\"url\":\"https:\/\/www.dewis.uk.com\/cy\/\",\"name\":\"Dewis Architecture\",\"description\":\"\",\"publisher\":{\"@id\":\"https:\/\/www.dewis.uk.com\/cy\/#organization\"},\"potentialAction\":[{\"@type\":\"SearchAction\",\"target\":{\"@type\":\"EntryPoint\",\"urlTemplate\":\"https:\/\/www.dewis.uk.com\/cy\/?s={search_term_string}\"},\"query-input\":{\"@type\":\"PropertyValueSpecification\",\"valueRequired\":true,\"valueName\":\"search_term_string\"}}],\"inLanguage\":\"cy-GB\"},{\"@type\":\"Organization\",\"@id\":\"https:\/\/www.dewis.uk.com\/cy\/#organization\",\"name\":\"Dewis Architecture\",\"url\":\"https:\/\/www.dewis.uk.com\/cy\/\",\"logo\":{\"@type\":\"ImageObject\",\"inLanguage\":\"cy-GB\",\"@id\":\"https:\/\/www.dewis.uk.com\/cy\/#\/schema\/logo\/image\/\",\"url\":\"https:\/\/www.dewis.uk.com\/wp-content\/uploads\/2025\/01\/Logo_-White.svg\",\"contentUrl\":\"https:\/\/www.dewis.uk.com\/wp-content\/uploads\/2025\/01\/Logo_-White.svg\",\"width\":500,\"height\":251.01,\"caption\":\"Dewis Architecture\"},\"image\":{\"@id\":\"https:\/\/www.dewis.uk.com\/cy\/#\/schema\/logo\/image\/\"}}]}<\/script>\n<!-- \/ Yoast SEO plugin. -->","yoast_head_json":{"title":"Polisi Cwcis","description":"Darllenwch am beth yw cwcis, sut yr ydym ni'n eu defnyddio i wella eich profiad, y mathau o gwcis rydym yn eu defnyddio, a sut i reoli eich dewisiadau.","robots":{"index":"index","follow":"follow","max-snippet":"max-snippet:-1","max-image-preview":"max-image-preview:large","max-video-preview":"max-video-preview:-1"},"canonical":"https:\/\/www.dewis.uk.com\/cy\/cwcis\/","og_locale":"cy_GB","og_type":"article","og_title":"Polisi Cwcis","og_description":"Darllenwch am beth yw cwcis, sut yr ydym ni'n eu defnyddio i wella eich profiad, y mathau o gwcis rydym yn eu defnyddio, a sut i reoli eich dewisiadau.","og_url":"https:\/\/www.dewis.uk.com\/cy\/cwcis\/","og_site_name":"Dewis Architecture","article_modified_time":"2025-04-15T13:07:53+00:00","og_image":[{"width":1024,"height":683,"url":"https:\/\/www.dewis.uk.com\/wp-content\/uploads\/2025\/02\/dewis-cafe-2.jpg","type":"image\/jpeg"}],"twitter_card":"summary_large_image","twitter_misc":{"Est. reading time":"2 minutes"},"schema":{"@context":"https:\/\/schema.org","@graph":[{"@type":"WebPage","@id":"https:\/\/www.dewis.uk.com\/cy\/cwcis\/","url":"https:\/\/www.dewis.uk.com\/cy\/cwcis\/","name":"Polisi Cwcis","isPartOf":{"@id":"https:\/\/www.dewis.uk.com\/cy\/#website"},"primaryImageOfPage":{"@id":"https:\/\/www.dewis.uk.com\/cy\/cwcis\/#primaryimage"},"image":{"@id":"https:\/\/www.dewis.uk.com\/cy\/cwcis\/#primaryimage"},"thumbnailUrl":"https:\/\/www.dewis.uk.com\/wp-content\/uploads\/2025\/02\/dewis-cafe-2.jpg","datePublished":"2025-02-19T14:10:39+00:00","dateModified":"2025-04-15T13:07:53+00:00","description":"Darllenwch am beth yw cwcis, sut yr ydym ni'n eu defnyddio i wella eich profiad, y mathau o gwcis rydym yn eu defnyddio, a sut i reoli eich dewisiadau.","breadcrumb":{"@id":"https:\/\/www.dewis.uk.com\/cy\/cwcis\/#breadcrumb"},"inLanguage":"cy-GB","potentialAction":[{"@type":"ReadAction","target":["https:\/\/www.dewis.uk.com\/cy\/cwcis\/"]}]},{"@type":"ImageObject","inLanguage":"cy-GB","@id":"https:\/\/www.dewis.uk.com\/cy\/cwcis\/#primaryimage","url":"https:\/\/www.dewis.uk.com\/wp-content\/uploads\/2025\/02\/dewis-cafe-2.jpg","contentUrl":"https:\/\/www.dewis.uk.com\/wp-content\/uploads\/2025\/02\/dewis-cafe-2.jpg","width":1024,"height":683},{"@type":"BreadcrumbList","@id":"https:\/\/www.dewis.uk.com\/cy\/cwcis\/#breadcrumb","itemListElement":[{"@type":"ListItem","position":1,"name":"Home","item":"https:\/\/www.dewis.uk.com\/cy\/adra\/"},{"@type":"ListItem","position":2,"name":"Cwcis"}]},{"@type":"WebSite","@id":"https:\/\/www.dewis.uk.com\/cy\/#website","url":"https:\/\/www.dewis.uk.com\/cy\/","name":"Dewis Architecture","description":"","publisher":{"@id":"https:\/\/www.dewis.uk.com\/cy\/#organization"},"potentialAction":[{"@type":"SearchAction","target":{"@type":"EntryPoint","urlTemplate":"https:\/\/www.dewis.uk.com\/cy\/?s={search_term_string}"},"query-input":{"@type":"PropertyValueSpecification","valueRequired":true,"valueName":"search_term_string"}}],"inLanguage":"cy-GB"},{"@type":"Organization","@id":"https:\/\/www.dewis.uk.com\/cy\/#organization","name":"Dewis Architecture","url":"https:\/\/www.dewis.uk.com\/cy\/","logo":{"@type":"ImageObject","inLanguage":"cy-GB","@id":"https:\/\/www.dewis.uk.com\/cy\/#\/schema\/logo\/image\/","url":"https:\/\/www.dewis.uk.com\/wp-content\/uploads\/2025\/01\/Logo_-White.svg","contentUrl":"https:\/\/www.dewis.uk.com\/wp-content\/uploads\/2025\/01\/Logo_-White.svg","width":500,"height":251.01,"caption":"Dewis Architecture"},"image":{"@id":"https:\/\/www.dewis.uk.com\/cy\/#\/schema\/logo\/image\/"}}]}},"_links":{"self":[{"href":"https:\/\/www.dewis.uk.com\/cy\/wp-json\/wp\/v2\/pages\/2968","targetHints":{"allow":["GET"]}}],"collection":[{"href":"https:\/\/www.dewis.uk.com\/cy\/wp-json\/wp\/v2\/pages"}],"about":[{"href":"https:\/\/www.dewis.uk.com\/cy\/wp-json\/wp\/v2\/types\/page"}],"author":[{"embeddable":true,"href":"https:\/\/www.dewis.uk.com\/cy\/wp-json\/wp\/v2\/users\/1"}],"replies":[{"embeddable":true,"href":"https:\/\/www.dewis.uk.com\/cy\/wp-json\/wp\/v2\/comments?post=2968"}],"version-history":[{"count":1,"href":"https:\/\/www.dewis.uk.com\/cy\/wp-json\/wp\/v2\/pages\/2968\/revisions"}],"predecessor-version":[{"id":2969,"href":"https:\/\/www.dewis.uk.com\/cy\/wp-json\/wp\/v2\/pages\/2968\/revisions\/2969"}],"wp:featuredmedia":[{"embeddable":true,"href":"https:\/\/www.dewis.uk.com\/cy\/wp-json\/wp\/v2\/media\/2149"}],"wp:attachment":[{"href":"https:\/\/www.dewis.uk.com\/cy\/wp-json\/wp\/v2\/media?parent=2968"}],"curies":[{"name":"wp","href":"https:\/\/api.w.org\/{rel}","templated":true}]}}